{"id":69555,"date":"2015-02-18T02:18:20","date_gmt":"2015-02-18T01:18:20","guid":{"rendered":"http:\/\/taddlr.com\/?page_id=69555"},"modified":"2018-02-20T14:33:50","modified_gmt":"2018-02-20T13:33:50","slug":"su-taddlr","status":"publish","type":"page","link":"https:\/\/taddlr.com\/it\/su-taddlr\/","title":{"rendered":"Su Taddlr"},"content":{"rendered":"<p><strong>Contattaci<\/strong><\/p>\n<p>Vuoi fare pubblicit\u00e0 su Taddlr, riportare un problema o un contenuto inappropriato, o semplicemente vuoi sapere di pi\u00f9 su Taddlr?<\/p>\n<p>Ti preghiamo di contattarci a admin@taddlr.com<\/p>\n<p><strong>Chi siamo<\/strong><\/p>\n<p>Taddlr \u00e8 un database di celebrit\u00e0 internazionali, e una piattaforma dove puoi condividere e leggere fatti e novit\u00e0 riguardo le celebrit\u00e0.Non ci occupiamo solo di celebrit\u00e0 Americane \u2013 raccogliamo informazioni da celebrit\u00e0 di tutto il mondo. Siamo attualmente disponibili in 14 lingue:<\/p>\n<h3><img class=\"alignnone wp-image-48916\" src=\"http:\/\/taddlr.com\/wp-content\/uploads\/en1.png\" alt=\"en\" width=\"35\" height=\"20\" \/> <a href=\"http:\/\/taddlr.com\">Taddlr &#8211; English <\/a><\/h3>\n<h3><strong><img class=\"alignnone wp-image-48920\" src=\"http:\/\/taddlr.com\/wp-content\/uploads\/nl1.png\" alt=\"nl\" width=\"35\" height=\"20\" \/> <\/strong><a href=\"http:\/\/taddlr.com\/nl\">Taddlr &#8211; Nederlands<\/a><\/h3>\n<h3><strong><img class=\"alignnone wp-image-48914\" src=\"http:\/\/taddlr.com\/wp-content\/uploads\/de1.png\" alt=\"de\" width=\"35\" height=\"20\" \/> <\/strong><a href=\"http:\/\/taddlr.com\/de\">Taddlr &#8211; Deutsch<\/a><\/h3>\n<h3><strong><img class=\"alignnone wp-image-48917\" src=\"http:\/\/taddlr.com\/wp-content\/uploads\/fr1.png\" alt=\"fr\" width=\"35\" height=\"20\" \/> <\/strong><a href=\"http:\/\/taddlr.com\/fr\">Taddlr &#8211; Fran\u00e7ais<\/a><\/h3>\n<h3 style=\"text-align: justify;\"><strong><img class=\"alignnone wp-image-48913\" src=\"http:\/\/taddlr.com\/wp-content\/uploads\/br1.png\" alt=\"br\" width=\"35\" height=\"21\" \/> <\/strong><a href=\"http:\/\/taddlr.com\/br\">Taddlr &#8211; Portugu\u00eas<\/a><\/h3>\n<h3 style=\"text-align: justify;\"><strong><a href=\"http:\/\/taddlr.com\/wp-content\/uploads\/sp1.png\"><img class=\"alignnone wp-image-48926\" src=\"http:\/\/taddlr.com\/wp-content\/uploads\/sp1.png\" alt=\"sp\" width=\"35\" height=\"20\" \/><\/a> <\/strong><a href=\"http:\/\/taddlr.com\/es\">Taddlr &#8211; Espa\u00f1ol<\/a><\/h3>\n<h3 style=\"text-align: justify;\"><img class=\"alignnone wp-image-48922\" src=\"http:\/\/taddlr.com\/wp-content\/uploads\/pl1.png\" alt=\"pl\" width=\"35\" height=\"20\" \/> <a href=\"http:\/\/taddlr.com\/pl\">Taddlr &#8211; Polski<\/a><\/h3>\n<h3 style=\"text-align: justify;\"><a href=\"http:\/\/taddlr.com\/wp-content\/uploads\/it1.png\"><img class=\"alignnone wp-image-48919\" src=\"http:\/\/taddlr.com\/wp-content\/uploads\/it1.png\" alt=\"it\" width=\"35\" height=\"20\" \/><\/a> <a href=\"http:\/\/taddlr.com\/it\">Taddlr &#8211; Italiano<\/a><\/h3>\n<h3 style=\"text-align: justify;\"><img class=\"alignnone wp-image-48921\" src=\"http:\/\/taddlr.com\/wp-content\/uploads\/nr1.png\" alt=\"nr\" width=\"35\" height=\"20\" \/> <a href=\"http:\/\/taddlr.com\/nb\">Taddlr &#8211; Norsk<\/a><\/h3>\n<h3 style=\"text-align: justify;\"><img class=\"alignnone wp-image-48925\" src=\"http:\/\/taddlr.com\/wp-content\/uploads\/se1.png\" alt=\"se\" width=\"35\" height=\"21\" \/> <a href=\"http:\/\/taddlr.com\/sv\">Taddlr &#8211; Svenska<\/a><\/h3>\n<h3 style=\"text-align: justify;\"><img class=\"alignnone wp-image-48915\" src=\"http:\/\/taddlr.com\/wp-content\/uploads\/dk1.png\" alt=\"dk\" width=\"35\" height=\"20\" \/> <a href=\"http:\/\/taddlr.com\/da\">Taddlr &#8211; Dansk<\/a><\/h3>\n","protected":false},"excerpt":{"rendered":"<p>Contattaci Vuoi fare pubblicit\u00e0 su Taddlr, riportare un problema o un contenuto inappropriato, o semplicemente vuoi sapere di pi\u00f9 su Taddlr? Ti preghiamo di contattarci a admin@taddlr.com Chi siamo Taddlr \u00e8 un database di celebrit\u00e0 internazionali, e una piattaforma dove puoi condividere e leggere fatti e novit\u00e0 riguardo le celebrit\u00e0.Non ci occupiamo solo di celebrit\u00e0<\/p>\n","protected":false},"author":1,"featured_media":0,"parent":0,"menu_order":0,"comment_status":"closed","ping_status":"closed","template":"","meta":[],"_links":{"self":[{"href":"https:\/\/taddlr.com\/it\/wp-json\/wp\/v2\/pages\/69555"}],"collection":[{"href":"https:\/\/taddlr.com\/it\/wp-json\/wp\/v2\/pages"}],"about":[{"href":"https:\/\/taddlr.com\/it\/wp-json\/wp\/v2\/types\/page"}],"author":[{"embeddable":true,"href":"https:\/\/taddlr.com\/it\/wp-json\/wp\/v2\/users\/1"}],"replies":[{"embeddable":true,"href":"https:\/\/taddlr.com\/it\/wp-json\/wp\/v2\/comments?post=69555"}],"version-history":[{"count":0,"href":"https:\/\/taddlr.com\/it\/wp-json\/wp\/v2\/pages\/69555\/revisions"}],"wp:attachment":[{"href":"https:\/\/taddlr.com\/it\/wp-json\/wp\/v2\/media?parent=69555"}],"curies":[{"name":"wp","href":"https:\/\/api.w.org\/{rel}","templated":true}]}}